{"id":102,"date":"2023-11-21T20:44:15","date_gmt":"2023-11-21T23:44:15","guid":{"rendered":"https:\/\/cppsaude.com.br\/?page_id=102"},"modified":"2024-02-10T13:32:26","modified_gmt":"2024-02-10T16:32:26","slug":"convenios","status":"publish","type":"page","link":"https:\/\/cppsaude.com.br\/index.php\/convenios\/","title":{"rendered":"CONV\u00caNIOS"},"content":{"rendered":"\t\t<div data-elementor-type=\"wp-page\" data-elementor-id=\"102\" class=\"elementor elementor-102\" data-elementor-post-type=\"page\">\n\t\t\t\t<div class=\"elementor-element elementor-element-796092c e-flex e-con-boxed e-con e-parent\" data-id=\"796092c\" data-element_type=\"container\">\n\t\t\t\t\t<div class=\"e-con-inner\">\n\t\t<div class=\"elementor-element elementor-element-a9c0e29 e-con-full e-flex e-con e-child\" data-id=\"a9c0e29\" data-element_type=\"container\" data-settings=\"{&quot;motion_fx_motion_fx_mouse&quot;:&quot;yes&quot;}\">\n\t\t\t\t<div class=\"elementor-element elementor-element-d1d07ff elementor-widget elementor-widget-image\" data-id=\"d1d07ff\" data-element_type=\"widget\" data-widget_type=\"image.default\">\n\t\t\t\t<div class=\"elementor-widget-container\">\n\t\t\t\t\t\t\t\t\t\t\t\t\t\t\t<img decoding=\"async\" width=\"200\" height=\"157\" src=\"https:\/\/cppsaude.com.br\/wp-content\/uploads\/2023\/11\/gh-saude.png\" class=\"attachment-2048x2048 size-2048x2048 wp-image-584\" alt=\"\" \/>\t\t\t\t\t\t\t\t\t\t\t\t\t\t\t<\/div>\n\t\t\t\t<\/div>\n\t\t\t\t<div class=\"elementor-element elementor-element-cbe0294 elementor-widget elementor-widget-heading\" data-id=\"cbe0294\" data-element_type=\"widget\" data-widget_type=\"heading.default\">\n\t\t\t\t<div class=\"elementor-widget-container\">\n\t\t\t\t\t<h4 class=\"elementor-heading-title elementor-size-default\">GH Sa\u00fade<\/h4>\t\t\t\t<\/div>\n\t\t\t\t<\/div>\n\t\t\t\t<\/div>\n\t\t<div class=\"elementor-element elementor-element-8a457fe e-con-full e-flex e-con e-child\" data-id=\"8a457fe\" data-element_type=\"container\" data-settings=\"{&quot;motion_fx_motion_fx_mouse&quot;:&quot;yes&quot;}\">\n\t\t\t\t<div class=\"elementor-element elementor-element-8c49a60 elementor-widget elementor-widget-image\" data-id=\"8c49a60\" data-element_type=\"widget\" data-widget_type=\"image.default\">\n\t\t\t\t<div class=\"elementor-widget-container\">\n\t\t\t\t\t\t\t\t\t\t\t\t\t\t\t<img decoding=\"async\" width=\"300\" height=\"110\" src=\"https:\/\/cppsaude.com.br\/wp-content\/uploads\/2023\/11\/fisco-saude.png\" class=\"attachment-2048x2048 size-2048x2048 wp-image-582\" alt=\"\" \/>\t\t\t\t\t\t\t\t\t\t\t\t\t\t\t<\/div>\n\t\t\t\t<\/div>\n\t\t\t\t<div class=\"elementor-element elementor-element-ffea61f elementor-widget elementor-widget-heading\" data-id=\"ffea61f\" data-element_type=\"widget\" data-widget_type=\"heading.default\">\n\t\t\t\t<div class=\"elementor-widget-container\">\n\t\t\t\t\t<h4 class=\"elementor-heading-title elementor-size-default\">fisco sa\u00fade<\/h4>\t\t\t\t<\/div>\n\t\t\t\t<\/div>\n\t\t\t\t<\/div>\n\t\t<div class=\"elementor-element elementor-element-f3cf726 e-con-full e-flex e-con e-child\" data-id=\"f3cf726\" data-element_type=\"container\" data-settings=\"{&quot;motion_fx_motion_fx_mouse&quot;:&quot;yes&quot;}\">\n\t\t\t\t<div class=\"elementor-element elementor-element-835f8c9 elementor-widget elementor-widget-image\" data-id=\"835f8c9\" data-element_type=\"widget\" data-widget_type=\"image.default\">\n\t\t\t\t<div class=\"elementor-widget-container\">\n\t\t\t\t\t\t\t\t\t\t\t\t\t\t\t<img decoding=\"async\" width=\"390\" height=\"90\" src=\"https:\/\/cppsaude.com.br\/wp-content\/uploads\/2023\/11\/hapvida.png\" class=\"attachment-2048x2048 size-2048x2048 wp-image-585\" alt=\"\" srcset=\"https:\/\/cppsaude.com.br\/wp-content\/uploads\/2023\/11\/hapvida.png 390w, https:\/\/cppsaude.com.br\/wp-content\/uploads\/2023\/11\/hapvida-300x69.png 300w\" sizes=\"(max-width: 390px) 100vw, 390px\" \/>\t\t\t\t\t\t\t\t\t\t\t\t\t\t\t<\/div>\n\t\t\t\t<\/div>\n\t\t\t\t<div class=\"elementor-element elementor-element-e77d5f7 elementor-widget elementor-widget-heading\" data-id=\"e77d5f7\" data-element_type=\"widget\" data-widget_type=\"heading.default\">\n\t\t\t\t<div class=\"elementor-widget-container\">\n\t\t\t\t\t<h4 class=\"elementor-heading-title elementor-size-default\">hapvida<\/h4>\t\t\t\t<\/div>\n\t\t\t\t<\/div>\n\t\t\t\t<\/div>\n\t\t<div class=\"elementor-element elementor-element-d9f9838 e-con-full e-flex e-con e-child\" data-id=\"d9f9838\" data-element_type=\"container\" data-settings=\"{&quot;motion_fx_motion_fx_mouse&quot;:&quot;yes&quot;}\">\n\t\t\t\t<div class=\"elementor-element elementor-element-60e58ab elementor-widget elementor-widget-image\" data-id=\"60e58ab\" data-element_type=\"widget\" data-widget_type=\"image.default\">\n\t\t\t\t<div class=\"elementor-widget-container\">\n\t\t\t\t\t\t\t\t\t\t\t\t\t\t\t<img loading=\"lazy\" decoding=\"async\" width=\"192\" height=\"57\" src=\"https:\/\/cppsaude.com.br\/wp-content\/uploads\/2023\/11\/intermedica.png\" class=\"attachment-2048x2048 size-2048x2048 wp-image-586\" alt=\"\" \/>\t\t\t\t\t\t\t\t\t\t\t\t\t\t\t<\/div>\n\t\t\t\t<\/div>\n\t\t\t\t<div class=\"elementor-element elementor-element-e20336b elementor-widget elementor-widget-heading\" data-id=\"e20336b\" data-element_type=\"widget\" data-widget_type=\"heading.default\">\n\t\t\t\t<div class=\"elementor-widget-container\">\n\t\t\t\t\t<h4 class=\"elementor-heading-title elementor-size-default\">interm\u00e9dica<\/h4>\t\t\t\t<\/div>\n\t\t\t\t<\/div>\n\t\t\t\t<\/div>\n\t\t\t\t\t<\/div>\n\t\t\t\t<\/div>\n\t\t<div class=\"elementor-element elementor-element-e8ecd8b e-flex e-con-boxed e-con e-parent\" data-id=\"e8ecd8b\" data-element_type=\"container\">\n\t\t\t\t\t<div class=\"e-con-inner\">\n\t\t<div class=\"elementor-element elementor-element-7685739 e-con-full e-flex e-con e-child\" data-id=\"7685739\" data-element_type=\"container\" data-settings=\"{&quot;motion_fx_motion_fx_mouse&quot;:&quot;yes&quot;}\">\n\t\t\t\t<div class=\"elementor-element elementor-element-92658a1 elementor-widget elementor-widget-image\" data-id=\"92658a1\" data-element_type=\"widget\" data-widget_type=\"image.default\">\n\t\t\t\t<div class=\"elementor-widget-container\">\n\t\t\t\t\t\t\t\t\t\t\t\t\t\t\t<img loading=\"lazy\" decoding=\"async\" width=\"250\" height=\"250\" src=\"https:\/\/cppsaude.com.br\/wp-content\/uploads\/2023\/11\/sindicato-frentistas.png\" class=\"attachment-medium size-medium wp-image-590\" alt=\"\" srcset=\"https:\/\/cppsaude.com.br\/wp-content\/uploads\/2023\/11\/sindicato-frentistas.png 250w, https:\/\/cppsaude.com.br\/wp-content\/uploads\/2023\/11\/sindicato-frentistas-150x150.png 150w\" sizes=\"(max-width: 250px) 100vw, 250px\" \/>\t\t\t\t\t\t\t\t\t\t\t\t\t\t\t<\/div>\n\t\t\t\t<\/div>\n\t\t\t\t<div class=\"elementor-element elementor-element-c3e2964 elementor-widget elementor-widget-heading\" data-id=\"c3e2964\" data-element_type=\"widget\" data-widget_type=\"heading.default\">\n\t\t\t\t<div class=\"elementor-widget-container\">\n\t\t\t\t\t<h4 class=\"elementor-heading-title elementor-size-default\">SINPOSPETRO<\/h4>\t\t\t\t<\/div>\n\t\t\t\t<\/div>\n\t\t\t\t<\/div>\n\t\t<div class=\"elementor-element elementor-element-0cb4fcb e-con-full e-flex e-con e-child\" data-id=\"0cb4fcb\" data-element_type=\"container\" data-settings=\"{&quot;motion_fx_motion_fx_mouse&quot;:&quot;yes&quot;}\">\n\t\t\t\t<div class=\"elementor-element elementor-element-e4d2d05 elementor-widget elementor-widget-image\" data-id=\"e4d2d05\" data-element_type=\"widget\" data-widget_type=\"image.default\">\n\t\t\t\t<div class=\"elementor-widget-container\">\n\t\t\t\t\t\t\t\t\t\t\t\t\t\t\t<img loading=\"lazy\" decoding=\"async\" width=\"351\" height=\"89\" src=\"https:\/\/cppsaude.com.br\/wp-content\/uploads\/2023\/11\/sulamerica.png\" class=\"attachment-2048x2048 size-2048x2048 wp-image-591\" alt=\"\" srcset=\"https:\/\/cppsaude.com.br\/wp-content\/uploads\/2023\/11\/sulamerica.png 351w, https:\/\/cppsaude.com.br\/wp-content\/uploads\/2023\/11\/sulamerica-300x76.png 300w\" sizes=\"(max-width: 351px) 100vw, 351px\" \/>\t\t\t\t\t\t\t\t\t\t\t\t\t\t\t<\/div>\n\t\t\t\t<\/div>\n\t\t\t\t<div class=\"elementor-element elementor-element-fa5c2e2 elementor-widget elementor-widget-heading\" data-id=\"fa5c2e2\" data-element_type=\"widget\" data-widget_type=\"heading.default\">\n\t\t\t\t<div class=\"elementor-widget-container\">\n\t\t\t\t\t<h4 class=\"elementor-heading-title elementor-size-default\">sul america<\/h4>\t\t\t\t<\/div>\n\t\t\t\t<\/div>\n\t\t\t\t<\/div>\n\t\t<div class=\"elementor-element elementor-element-cffa1da e-con-full e-flex e-con e-child\" data-id=\"cffa1da\" data-element_type=\"container\" data-settings=\"{&quot;motion_fx_motion_fx_mouse&quot;:&quot;yes&quot;}\">\n\t\t\t\t<div class=\"elementor-element elementor-element-a7efa92 elementor-widget elementor-widget-image\" data-id=\"a7efa92\" data-element_type=\"widget\" data-widget_type=\"image.default\">\n\t\t\t\t<div class=\"elementor-widget-container\">\n\t\t\t\t\t\t\t\t\t\t\t\t\t\t\t<img loading=\"lazy\" decoding=\"async\" width=\"218\" height=\"74\" src=\"https:\/\/cppsaude.com.br\/wp-content\/uploads\/2023\/11\/fachesf.png\" class=\"attachment-2048x2048 size-2048x2048 wp-image-581\" alt=\"\" \/>\t\t\t\t\t\t\t\t\t\t\t\t\t\t\t<\/div>\n\t\t\t\t<\/div>\n\t\t\t\t<div class=\"elementor-element elementor-element-759fb03 elementor-widget elementor-widget-heading\" data-id=\"759fb03\" data-element_type=\"widget\" data-widget_type=\"heading.default\">\n\t\t\t\t<div class=\"elementor-widget-container\">\n\t\t\t\t\t<h4 class=\"elementor-heading-title elementor-size-default\">fachesf<\/h4>\t\t\t\t<\/div>\n\t\t\t\t<\/div>\n\t\t\t\t<\/div>\n\t\t<div class=\"elementor-element elementor-element-f9e7f85 e-con-full e-flex e-con e-child\" data-id=\"f9e7f85\" data-element_type=\"container\" data-settings=\"{&quot;motion_fx_motion_fx_mouse&quot;:&quot;yes&quot;}\">\n\t\t\t\t<div class=\"elementor-element elementor-element-8f4e520 elementor-widget elementor-widget-image\" data-id=\"8f4e520\" data-element_type=\"widget\" data-widget_type=\"image.default\">\n\t\t\t\t<div class=\"elementor-widget-container\">\n\t\t\t\t\t\t\t\t\t\t\t\t\t\t\t<img loading=\"lazy\" decoding=\"async\" width=\"300\" height=\"149\" src=\"https:\/\/cppsaude.com.br\/wp-content\/uploads\/2023\/11\/cassi.png\" class=\"attachment-2048x2048 size-2048x2048 wp-image-579\" alt=\"\" \/>\t\t\t\t\t\t\t\t\t\t\t\t\t\t\t<\/div>\n\t\t\t\t<\/div>\n\t\t\t\t<div class=\"elementor-element elementor-element-0c1986f elementor-widget elementor-widget-heading\" data-id=\"0c1986f\" data-element_type=\"widget\" data-widget_type=\"heading.default\">\n\t\t\t\t<div class=\"elementor-widget-container\">\n\t\t\t\t\t<h4 class=\"elementor-heading-title elementor-size-default\">cassi<\/h4>\t\t\t\t<\/div>\n\t\t\t\t<\/div>\n\t\t\t\t<\/div>\n\t\t\t\t\t<\/div>\n\t\t\t\t<\/div>\n\t\t<div class=\"elementor-element elementor-element-a354149 e-flex e-con-boxed e-con e-parent\" data-id=\"a354149\" data-element_type=\"container\">\n\t\t\t\t\t<div class=\"e-con-inner\">\n\t\t<div class=\"elementor-element elementor-element-c19782f e-con-full e-flex e-con e-child\" data-id=\"c19782f\" data-element_type=\"container\" data-settings=\"{&quot;motion_fx_motion_fx_mouse&quot;:&quot;yes&quot;}\">\n\t\t\t\t<div class=\"elementor-element elementor-element-14a986e elementor-widget elementor-widget-image\" data-id=\"14a986e\" data-element_type=\"widget\" data-widget_type=\"image.default\">\n\t\t\t\t<div class=\"elementor-widget-container\">\n\t\t\t\t\t\t\t\t\t\t\t\t\t\t\t<img loading=\"lazy\" decoding=\"async\" width=\"300\" height=\"137\" src=\"https:\/\/cppsaude.com.br\/wp-content\/uploads\/2023\/11\/camed.png\" class=\"attachment-medium size-medium wp-image-578\" alt=\"\" \/>\t\t\t\t\t\t\t\t\t\t\t\t\t\t\t<\/div>\n\t\t\t\t<\/div>\n\t\t\t\t<div class=\"elementor-element elementor-element-9d6af69 elementor-widget elementor-widget-heading\" data-id=\"9d6af69\" data-element_type=\"widget\" data-widget_type=\"heading.default\">\n\t\t\t\t<div class=\"elementor-widget-container\">\n\t\t\t\t\t<h4 class=\"elementor-heading-title elementor-size-default\">camed<\/h4>\t\t\t\t<\/div>\n\t\t\t\t<\/div>\n\t\t\t\t<\/div>\n\t\t<div class=\"elementor-element elementor-element-0fbffd0 e-con-full e-flex e-con e-child\" data-id=\"0fbffd0\" data-element_type=\"container\" data-settings=\"{&quot;motion_fx_motion_fx_mouse&quot;:&quot;yes&quot;}\">\n\t\t\t\t<div class=\"elementor-element elementor-element-4ccb91b elementor-widget elementor-widget-image\" data-id=\"4ccb91b\" data-element_type=\"widget\" data-widget_type=\"image.default\">\n\t\t\t\t<div class=\"elementor-widget-container\">\n\t\t\t\t\t\t\t\t\t\t\t\t\t\t\t<img loading=\"lazy\" decoding=\"async\" width=\"200\" height=\"115\" src=\"https:\/\/cppsaude.com.br\/wp-content\/uploads\/2023\/11\/postal-saude.png\" class=\"attachment-2048x2048 size-2048x2048 wp-image-589\" alt=\"\" \/>\t\t\t\t\t\t\t\t\t\t\t\t\t\t\t<\/div>\n\t\t\t\t<\/div>\n\t\t\t\t<div class=\"elementor-element elementor-element-91e7e3a elementor-widget elementor-widget-heading\" data-id=\"91e7e3a\" data-element_type=\"widget\" data-widget_type=\"heading.default\">\n\t\t\t\t<div class=\"elementor-widget-container\">\n\t\t\t\t\t<h4 class=\"elementor-heading-title elementor-size-default\">postal sa\u00fade<\/h4>\t\t\t\t<\/div>\n\t\t\t\t<\/div>\n\t\t\t\t<\/div>\n\t\t<div class=\"elementor-element elementor-element-258877f e-con-full e-flex e-con e-child\" data-id=\"258877f\" data-element_type=\"container\" data-settings=\"{&quot;motion_fx_motion_fx_mouse&quot;:&quot;yes&quot;}\">\n\t\t\t\t<div class=\"elementor-element elementor-element-50331fc elementor-widget elementor-widget-image\" data-id=\"50331fc\" data-element_type=\"widget\" data-widget_type=\"image.default\">\n\t\t\t\t<div class=\"elementor-widget-container\">\n\t\t\t\t\t\t\t\t\t\t\t\t\t\t\t<img loading=\"lazy\" decoding=\"async\" width=\"246\" height=\"131\" src=\"https:\/\/cppsaude.com.br\/wp-content\/uploads\/2023\/11\/geap.png\" class=\"attachment-2048x2048 size-2048x2048 wp-image-583\" alt=\"\" \/>\t\t\t\t\t\t\t\t\t\t\t\t\t\t\t<\/div>\n\t\t\t\t<\/div>\n\t\t\t\t<div class=\"elementor-element elementor-element-87b8b7e elementor-widget elementor-widget-heading\" data-id=\"87b8b7e\" data-element_type=\"widget\" data-widget_type=\"heading.default\">\n\t\t\t\t<div class=\"elementor-widget-container\">\n\t\t\t\t\t<h4 class=\"elementor-heading-title elementor-size-default\">geap<\/h4>\t\t\t\t<\/div>\n\t\t\t\t<\/div>\n\t\t\t\t<\/div>\n\t\t<div class=\"elementor-element elementor-element-00a753a e-con-full e-flex e-con e-child\" data-id=\"00a753a\" data-element_type=\"container\" data-settings=\"{&quot;motion_fx_motion_fx_mouse&quot;:&quot;yes&quot;}\">\n\t\t\t\t<div class=\"elementor-element elementor-element-52ee09a elementor-widget elementor-widget-image\" data-id=\"52ee09a\" data-element_type=\"widget\" data-widget_type=\"image.default\">\n\t\t\t\t<div class=\"elementor-widget-container\">\n\t\t\t\t\t\t\t\t\t\t\t\t\t\t\t<img loading=\"lazy\" decoding=\"async\" width=\"607\" height=\"157\" src=\"https:\/\/cppsaude.com.br\/wp-content\/uploads\/2023\/11\/mineracao-caraiba.png\" class=\"attachment-2048x2048 size-2048x2048 wp-image-588\" alt=\"\" srcset=\"https:\/\/cppsaude.com.br\/wp-content\/uploads\/2023\/11\/mineracao-caraiba.png 607w, https:\/\/cppsaude.com.br\/wp-content\/uploads\/2023\/11\/mineracao-caraiba-300x78.png 300w\" sizes=\"(max-width: 607px) 100vw, 607px\" \/>\t\t\t\t\t\t\t\t\t\t\t\t\t\t\t<\/div>\n\t\t\t\t<\/div>\n\t\t\t\t<div class=\"elementor-element elementor-element-e170416 elementor-widget elementor-widget-heading\" data-id=\"e170416\" data-element_type=\"widget\" data-widget_type=\"heading.default\">\n\t\t\t\t<div class=\"elementor-widget-container\">\n\t\t\t\t\t<h4 class=\"elementor-heading-title elementor-size-default\">minera\u00e7\u00e3o cara\u00edba<\/h4>\t\t\t\t<\/div>\n\t\t\t\t<\/div>\n\t\t\t\t<\/div>\n\t\t\t\t\t<\/div>\n\t\t\t\t<\/div>\n\t\t<div class=\"elementor-element elementor-element-4f28b3a e-flex e-con-boxed e-con e-parent\" data-id=\"4f28b3a\" data-element_type=\"container\">\n\t\t\t\t\t<div class=\"e-con-inner\">\n\t\t<div class=\"elementor-element elementor-element-dac5d7e e-con-full e-flex e-con e-child\" data-id=\"dac5d7e\" data-element_type=\"container\" data-settings=\"{&quot;motion_fx_motion_fx_mouse&quot;:&quot;yes&quot;}\">\n\t\t\t\t<div class=\"elementor-element elementor-element-675ab5e elementor-widget elementor-widget-image\" data-id=\"675ab5e\" data-element_type=\"widget\" data-widget_type=\"image.default\">\n\t\t\t\t<div class=\"elementor-widget-container\">\n\t\t\t\t\t\t\t\t\t\t\t\t\t\t\t<img loading=\"lazy\" decoding=\"async\" width=\"300\" height=\"81\" src=\"https:\/\/cppsaude.com.br\/wp-content\/uploads\/2023\/11\/bradesco.png\" class=\"attachment-full size-full wp-image-577\" alt=\"\" \/>\t\t\t\t\t\t\t\t\t\t\t\t\t\t\t<\/div>\n\t\t\t\t<\/div>\n\t\t\t\t<div class=\"elementor-element elementor-element-561c0bd elementor-widget elementor-widget-heading\" data-id=\"561c0bd\" data-element_type=\"widget\" data-widget_type=\"heading.default\">\n\t\t\t\t<div class=\"elementor-widget-container\">\n\t\t\t\t\t<h4 class=\"elementor-heading-title elementor-size-default\">bradesco<\/h4>\t\t\t\t<\/div>\n\t\t\t\t<\/div>\n\t\t\t\t<\/div>\n\t\t<div class=\"elementor-element elementor-element-6e602ab e-con-full e-flex e-con e-child\" data-id=\"6e602ab\" data-element_type=\"container\" data-settings=\"{&quot;motion_fx_motion_fx_mouse&quot;:&quot;yes&quot;}\">\n\t\t\t\t<div class=\"elementor-element elementor-element-35aa901 elementor-widget elementor-widget-image\" data-id=\"35aa901\" data-element_type=\"widget\" data-widget_type=\"image.default\">\n\t\t\t\t<div class=\"elementor-widget-container\">\n\t\t\t\t\t\t\t\t\t\t\t\t\t\t\t<img loading=\"lazy\" decoding=\"async\" width=\"311\" height=\"111\" src=\"https:\/\/cppsaude.com.br\/wp-content\/uploads\/2023\/11\/amil.png\" class=\"attachment-2048x2048 size-2048x2048 wp-image-576\" alt=\"\" srcset=\"https:\/\/cppsaude.com.br\/wp-content\/uploads\/2023\/11\/amil.png 311w, https:\/\/cppsaude.com.br\/wp-content\/uploads\/2023\/11\/amil-300x107.png 300w\" sizes=\"(max-width: 311px) 100vw, 311px\" \/>\t\t\t\t\t\t\t\t\t\t\t\t\t\t\t<\/div>\n\t\t\t\t<\/div>\n\t\t\t\t<div class=\"elementor-element elementor-element-f270b75 elementor-widget elementor-widget-heading\" data-id=\"f270b75\" data-element_type=\"widget\" data-widget_type=\"heading.default\">\n\t\t\t\t<div class=\"elementor-widget-container\">\n\t\t\t\t\t<h4 class=\"elementor-heading-title elementor-size-default\">amil<\/h4>\t\t\t\t<\/div>\n\t\t\t\t<\/div>\n\t\t\t\t<\/div>\n\t\t<div class=\"elementor-element elementor-element-765b396 e-con-full e-flex e-con e-child\" data-id=\"765b396\" data-element_type=\"container\" data-settings=\"{&quot;motion_fx_motion_fx_mouse&quot;:&quot;yes&quot;}\">\n\t\t\t\t<div class=\"elementor-element elementor-element-fcbdb8f elementor-widget elementor-widget-image\" data-id=\"fcbdb8f\" data-element_type=\"widget\" data-widget_type=\"image.default\">\n\t\t\t\t<div class=\"elementor-widget-container\">\n\t\t\t\t\t\t\t\t\t\t\t\t\t\t\t<img loading=\"lazy\" decoding=\"async\" width=\"350\" height=\"71\" src=\"https:\/\/cppsaude.com.br\/wp-content\/uploads\/2023\/11\/codevasf.png\" class=\"attachment-2048x2048 size-2048x2048 wp-image-580\" alt=\"\" srcset=\"https:\/\/cppsaude.com.br\/wp-content\/uploads\/2023\/11\/codevasf.png 350w, https:\/\/cppsaude.com.br\/wp-content\/uploads\/2023\/11\/codevasf-300x61.png 300w\" sizes=\"(max-width: 350px) 100vw, 350px\" \/>\t\t\t\t\t\t\t\t\t\t\t\t\t\t\t<\/div>\n\t\t\t\t<\/div>\n\t\t\t\t<div class=\"elementor-element elementor-element-3f004d6 elementor-widget elementor-widget-heading\" data-id=\"3f004d6\" data-element_type=\"widget\" data-widget_type=\"heading.default\">\n\t\t\t\t<div class=\"elementor-widget-container\">\n\t\t\t\t\t<h4 class=\"elementor-heading-title elementor-size-default\">codevasf<\/h4>\t\t\t\t<\/div>\n\t\t\t\t<\/div>\n\t\t\t\t<\/div>\n\t\t<div class=\"elementor-element elementor-element-a046102 e-con-full e-flex e-con e-child\" data-id=\"a046102\" data-element_type=\"container\" data-settings=\"{&quot;motion_fx_motion_fx_mouse&quot;:&quot;yes&quot;}\">\n\t\t\t\t<div class=\"elementor-element elementor-element-1aebaa5 elementor-widget elementor-widget-image\" data-id=\"1aebaa5\" data-element_type=\"widget\" data-widget_type=\"image.default\">\n\t\t\t\t<div class=\"elementor-widget-container\">\n\t\t\t\t\t\t\t\t\t\t\t\t\t\t\t<img loading=\"lazy\" decoding=\"async\" width=\"1038\" height=\"240\" src=\"https:\/\/cppsaude.com.br\/wp-content\/uploads\/2024\/01\/Mediservice_-removebg-preview.png\" class=\"attachment-2048x2048 size-2048x2048 wp-image-901\" alt=\"\" srcset=\"https:\/\/cppsaude.com.br\/wp-content\/uploads\/2024\/01\/Mediservice_-removebg-preview.png 1038w, https:\/\/cppsaude.com.br\/wp-content\/uploads\/2024\/01\/Mediservice_-removebg-preview-300x69.png 300w, https:\/\/cppsaude.com.br\/wp-content\/uploads\/2024\/01\/Mediservice_-removebg-preview-1024x237.png 1024w, https:\/\/cppsaude.com.br\/wp-content\/uploads\/2024\/01\/Mediservice_-removebg-preview-768x178.png 768w\" sizes=\"(max-width: 1038px) 100vw, 1038px\" \/>\t\t\t\t\t\t\t\t\t\t\t\t\t\t\t<\/div>\n\t\t\t\t<\/div>\n\t\t\t\t<div class=\"elementor-element elementor-element-fcd4468 elementor-widget elementor-widget-heading\" data-id=\"fcd4468\" data-element_type=\"widget\" data-widget_type=\"heading.default\">\n\t\t\t\t<div class=\"elementor-widget-container\">\n\t\t\t\t\t<h4 class=\"elementor-heading-title elementor-size-default\">mediservice<\/h4>\t\t\t\t<\/div>\n\t\t\t\t<\/div>\n\t\t\t\t<\/div>\n\t\t\t\t\t<\/div>\n\t\t\t\t<\/div>\n\t\t<div class=\"elementor-element elementor-element-28cba08 e-flex e-con-boxed e-con e-parent\" data-id=\"28cba08\" data-element_type=\"container\">\n\t\t\t\t\t<div class=\"e-con-inner\">\n\t\t<div class=\"elementor-element elementor-element-4824f79 e-con-full e-flex e-con e-child\" data-id=\"4824f79\" data-element_type=\"container\" data-settings=\"{&quot;motion_fx_motion_fx_mouse&quot;:&quot;yes&quot;}\">\n\t\t\t\t<div class=\"elementor-element elementor-element-fce0453 elementor-widget elementor-widget-image\" data-id=\"fce0453\" data-element_type=\"widget\" data-widget_type=\"image.default\">\n\t\t\t\t<div class=\"elementor-widget-container\">\n\t\t\t\t\t\t\t\t\t\t\t\t\t\t\t<img loading=\"lazy\" decoding=\"async\" width=\"300\" height=\"142\" src=\"https:\/\/cppsaude.com.br\/wp-content\/uploads\/2024\/01\/Logo-GRUPO_-ZELO-300x142.png\" class=\"attachment-medium size-medium wp-image-903\" alt=\"\" srcset=\"https:\/\/cppsaude.com.br\/wp-content\/uploads\/2024\/01\/Logo-GRUPO_-ZELO-300x142.png 300w, https:\/\/cppsaude.com.br\/wp-content\/uploads\/2024\/01\/Logo-GRUPO_-ZELO-1024x486.png 1024w, https:\/\/cppsaude.com.br\/wp-content\/uploads\/2024\/01\/Logo-GRUPO_-ZELO-768x365.png 768w, https:\/\/cppsaude.com.br\/wp-content\/uploads\/2024\/01\/Logo-GRUPO_-ZELO.png 1270w\" sizes=\"(max-width: 300px) 100vw, 300px\" \/>\t\t\t\t\t\t\t\t\t\t\t\t\t\t\t<\/div>\n\t\t\t\t<\/div>\n\t\t\t\t<div class=\"elementor-element elementor-element-86381a6 elementor-widget elementor-widget-heading\" data-id=\"86381a6\" data-element_type=\"widget\" data-widget_type=\"heading.default\">\n\t\t\t\t<div class=\"elementor-widget-container\">\n\t\t\t\t\t<h4 class=\"elementor-heading-title elementor-size-default\">grupo zelo<\/h4>\t\t\t\t<\/div>\n\t\t\t\t<\/div>\n\t\t\t\t<\/div>\n\t\t<div class=\"elementor-element elementor-element-b33af59 e-con-full e-flex e-con e-child\" data-id=\"b33af59\" data-element_type=\"container\" data-settings=\"{&quot;motion_fx_motion_fx_mouse&quot;:&quot;yes&quot;}\">\n\t\t\t\t<div class=\"elementor-element elementor-element-3c98981 elementor-widget elementor-widget-image\" data-id=\"3c98981\" data-element_type=\"widget\" data-widget_type=\"image.default\">\n\t\t\t\t<div class=\"elementor-widget-container\">\n\t\t\t\t\t\t\t\t\t\t\t\t\t\t\t<img loading=\"lazy\" decoding=\"async\" width=\"2048\" height=\"653\" src=\"https:\/\/cppsaude.com.br\/wp-content\/uploads\/2024\/01\/porto-seguro-logo-1-3-2048x653.png\" class=\"attachment-2048x2048 size-2048x2048 wp-image-902\" alt=\"\" srcset=\"https:\/\/cppsaude.com.br\/wp-content\/uploads\/2024\/01\/porto-seguro-logo-1-3-2048x653.png 2048w, https:\/\/cppsaude.com.br\/wp-content\/uploads\/2024\/01\/porto-seguro-logo-1-3-300x96.png 300w, https:\/\/cppsaude.com.br\/wp-content\/uploads\/2024\/01\/porto-seguro-logo-1-3-1024x326.png 1024w, https:\/\/cppsaude.com.br\/wp-content\/uploads\/2024\/01\/porto-seguro-logo-1-3-768x245.png 768w, https:\/\/cppsaude.com.br\/wp-content\/uploads\/2024\/01\/porto-seguro-logo-1-3-1536x489.png 1536w\" sizes=\"(max-width: 2048px) 100vw, 2048px\" \/>\t\t\t\t\t\t\t\t\t\t\t\t\t\t\t<\/div>\n\t\t\t\t<\/div>\n\t\t\t\t<div class=\"elementor-element elementor-element-9c3f542 elementor-widget elementor-widget-heading\" data-id=\"9c3f542\" data-element_type=\"widget\" data-widget_type=\"heading.default\">\n\t\t\t\t<div class=\"elementor-widget-container\">\n\t\t\t\t\t<h4 class=\"elementor-heading-title elementor-size-default\">porto seguro<\/h4>\t\t\t\t<\/div>\n\t\t\t\t<\/div>\n\t\t\t\t<\/div>\n\t\t\t\t\t<\/div>\n\t\t\t\t<\/div>\n\t\t\t\t<\/div>\n\t\t","protected":false},"excerpt":{"rendered":"<p>GH Sa\u00fade fisco sa\u00fade hapvida interm\u00e9dica SINPOSPETRO sul america fachesf cassi camed postal sa\u00fade geap minera\u00e7\u00e3o cara\u00edba bradesco amil codevasf mediservice grupo zelo porto seguro<\/p>\n","protected":false},"author":1,"featured_media":0,"parent":0,"menu_order":0,"comment_status":"closed","ping_status":"closed","template":"elementor_header_footer","meta":{"footnotes":""},"_links":{"self":[{"href":"https:\/\/cppsaude.com.br\/index.php\/wp-json\/wp\/v2\/pages\/102"}],"collection":[{"href":"https:\/\/cppsaude.com.br\/index.php\/wp-json\/wp\/v2\/pages"}],"about":[{"href":"https:\/\/cppsaude.com.br\/index.php\/wp-json\/wp\/v2\/types\/page"}],"author":[{"embeddable":true,"href":"https:\/\/cppsaude.com.br\/index.php\/wp-json\/wp\/v2\/users\/1"}],"replies":[{"embeddable":true,"href":"https:\/\/cppsaude.com.br\/index.php\/wp-json\/wp\/v2\/comments?post=102"}],"version-history":[{"count":40,"href":"https:\/\/cppsaude.com.br\/index.php\/wp-json\/wp\/v2\/pages\/102\/revisions"}],"predecessor-version":[{"id":1785,"href":"https:\/\/cppsaude.com.br\/index.php\/wp-json\/wp\/v2\/pages\/102\/revisions\/1785"}],"wp:attachment":[{"href":"https:\/\/cppsaude.com.br\/index.php\/wp-json\/wp\/v2\/media?parent=102"}],"curies":[{"name":"wp","href":"https:\/\/api.w.org\/{rel}","templated":true}]}}