{"id":106,"date":"2023-11-21T20:44:44","date_gmt":"2023-11-21T23:44:44","guid":{"rendered":"https:\/\/cppsaude.com.br\/?page_id=106"},"modified":"2024-02-10T13:41:06","modified_gmt":"2024-02-10T16:41:06","slug":"franquias","status":"publish","type":"page","link":"https:\/\/cppsaude.com.br\/index.php\/franquias\/","title":{"rendered":"FRANQUIAS"},"content":{"rendered":"\t\t<div data-elementor-type=\"wp-page\" data-elementor-id=\"106\" class=\"elementor elementor-106\" data-elementor-post-type=\"page\">\n\t\t\t\t<div class=\"elementor-element elementor-element-b3fb55d e-flex e-con-boxed e-con e-parent\" data-id=\"b3fb55d\" data-element_type=\"container\">\n\t\t\t\t\t<div class=\"e-con-inner\">\n\t\t<div class=\"elementor-element elementor-element-571c6c8 e-con-full e-flex e-con e-child\" data-id=\"571c6c8\" data-element_type=\"container\">\n\t\t\t\t<div class=\"elementor-element elementor-element-c5a40b3 elementor-position-top elementor-widget elementor-widget-image-box\" data-id=\"c5a40b3\" data-element_type=\"widget\" data-widget_type=\"image-box.default\">\n\t\t\t\t<div class=\"elementor-widget-container\">\n\t\t\t\t\t<div class=\"elementor-image-box-wrapper\"><figure class=\"elementor-image-box-img\"><img fetchpriority=\"high\" decoding=\"async\" width=\"2048\" height=\"1365\" src=\"https:\/\/cppsaude.com.br\/wp-content\/uploads\/2024\/01\/fachada-nova.jpg\" class=\"attachment-full size-full wp-image-857\" alt=\"\" srcset=\"https:\/\/cppsaude.com.br\/wp-content\/uploads\/2024\/01\/fachada-nova.jpg 2048w, https:\/\/cppsaude.com.br\/wp-content\/uploads\/2024\/01\/fachada-nova-300x200.jpg 300w, https:\/\/cppsaude.com.br\/wp-content\/uploads\/2024\/01\/fachada-nova-1024x683.jpg 1024w, https:\/\/cppsaude.com.br\/wp-content\/uploads\/2024\/01\/fachada-nova-768x512.jpg 768w, https:\/\/cppsaude.com.br\/wp-content\/uploads\/2024\/01\/fachada-nova-1536x1024.jpg 1536w\" sizes=\"(max-width: 2048px) 100vw, 2048px\" \/><\/figure><div class=\"elementor-image-box-content\"><p class=\"elementor-image-box-description\">O prop\u00f3sito da CPP \u00e9 levar sa\u00fade de alta qualidade ao maior n\u00famero poss\u00edvel de pessoas, em todo o Brasil. Para isso, precisamos de parceiros compromissados com o bem-estar das pessoas. Que estejam engajados com a transforma\u00e7\u00e3o da sa\u00fade no Brasil a patamares de primeiro mundo.<\/p><\/div><\/div>\t\t\t\t<\/div>\n\t\t\t\t<\/div>\n\t\t\t\t<\/div>\n\t\t<div class=\"elementor-element elementor-element-32526da e-con-full e-flex e-con e-child\" data-id=\"32526da\" data-element_type=\"container\">\n\t\t\t\t<div class=\"elementor-element elementor-element-0cbaf97 elementor-position-top elementor-widget elementor-widget-image-box\" data-id=\"0cbaf97\" data-element_type=\"widget\" data-widget_type=\"image-box.default\">\n\t\t\t\t<div class=\"elementor-widget-container\">\n\t\t\t\t\t<div class=\"elementor-image-box-wrapper\"><figure class=\"elementor-image-box-img\"><img decoding=\"async\" width=\"2048\" height=\"1365\" src=\"https:\/\/cppsaude.com.br\/wp-content\/uploads\/2024\/01\/679053752331e770bde0975fb72aee44.jpg\" class=\"attachment-full size-full wp-image-1421\" alt=\"\" srcset=\"https:\/\/cppsaude.com.br\/wp-content\/uploads\/2024\/01\/679053752331e770bde0975fb72aee44.jpg 2048w, https:\/\/cppsaude.com.br\/wp-content\/uploads\/2024\/01\/679053752331e770bde0975fb72aee44-300x200.jpg 300w, https:\/\/cppsaude.com.br\/wp-content\/uploads\/2024\/01\/679053752331e770bde0975fb72aee44-1024x683.jpg 1024w, https:\/\/cppsaude.com.br\/wp-content\/uploads\/2024\/01\/679053752331e770bde0975fb72aee44-768x512.jpg 768w, https:\/\/cppsaude.com.br\/wp-content\/uploads\/2024\/01\/679053752331e770bde0975fb72aee44-1536x1024.jpg 1536w\" sizes=\"(max-width: 2048px) 100vw, 2048px\" \/><\/figure><div class=\"elementor-image-box-content\"><p class=\"elementor-image-box-description\">O Franqueado CPP, al\u00e9m de receber, inicialmente, um excelente treinamento, contar\u00e1 com todo o suporte da franqueadora. Seja para recrutar os melhores m\u00e9dicos e equipe, realizar os melhores exames, como tamb\u00e9m, para quest\u00f5es cont\u00e1beis e comerciais. Al\u00e9m disso, estar\u00e3o dispon\u00edveis treinamentos dos colaboradores, por meio de v\u00eddeos, manuais\/POP, confer\u00eancias, reuni\u00f5es online, entre outros.<\/p><\/div><\/div>\t\t\t\t<\/div>\n\t\t\t\t<\/div>\n\t\t\t\t<\/div>\n\t\t\t\t\t<\/div>\n\t\t\t\t<\/div>\n\t\t<div class=\"elementor-element elementor-element-396f76c e-con-full e-flex e-con e-parent\" data-id=\"396f76c\" data-element_type=\"container\" data-settings=\"{&quot;background_background&quot;:&quot;classic&quot;}\">\n\t\t\t\t<div class=\"elementor-element elementor-element-a81b28a elementor-widget elementor-widget-heading\" data-id=\"a81b28a\" data-element_type=\"widget\" data-widget_type=\"heading.default\">\n\t\t\t\t<div class=\"elementor-widget-container\">\n\t\t\t\t\t<p class=\"elementor-heading-title elementor-size-default\">Diferente das demais franqueadoras do mercado de sa\u00fade, a CPP acredita que um franqueado \u00e9  muito mais do que apenas um franqueado, \u00e9 um parceiro! E nossa inten\u00e7\u00e3o \u00e9 que essa parceria seja para a vida toda.<\/p>\t\t\t\t<\/div>\n\t\t\t\t<\/div>\n\t\t\t\t<\/div>\n\t\t<div class=\"elementor-element elementor-element-72524ab e-con-full e-flex e-con e-parent\" data-id=\"72524ab\" data-element_type=\"container\">\n\t\t<div class=\"elementor-element elementor-element-b0d85a1 e-con-full e-flex e-con e-child\" data-id=\"b0d85a1\" data-element_type=\"container\" data-settings=\"{&quot;background_background&quot;:&quot;classic&quot;}\">\n\t\t\t\t<\/div>\n\t\t<div class=\"elementor-element elementor-element-61c8d74 e-con-full e-flex e-con e-child\" data-id=\"61c8d74\" data-element_type=\"container\" data-settings=\"{&quot;background_background&quot;:&quot;classic&quot;}\">\n\t\t\t\t<div class=\"elementor-element elementor-element-b0da4f5 elementor-widget elementor-widget-heading\" data-id=\"b0da4f5\" data-element_type=\"widget\" data-widget_type=\"heading.default\">\n\t\t\t\t<div class=\"elementor-widget-container\">\n\t\t\t\t\t<h1 class=\"elementor-heading-title elementor-size-default\">Perfil<\/h1>\t\t\t\t<\/div>\n\t\t\t\t<\/div>\n\t\t\t\t<div class=\"elementor-element elementor-element-7a657fa elementor-widget elementor-widget-text-editor\" data-id=\"7a657fa\" data-element_type=\"widget\" data-widget_type=\"text-editor.default\">\n\t\t\t\t<div class=\"elementor-widget-container\">\n\t\t\t\t\t\t\t\t\t<p>Al\u00e9m de gerir o pr\u00f3prio neg\u00f3cio, \u00e9 interessante que o franqueado CPP possua:<\/p>\t\t\t\t\t\t\t\t<\/div>\n\t\t\t\t<\/div>\n\t\t\t\t<div class=\"elementor-element elementor-element-a4195c1 elementor-widget elementor-widget-text-editor\" data-id=\"a4195c1\" data-element_type=\"widget\" data-widget_type=\"text-editor.default\">\n\t\t\t\t<div class=\"elementor-widget-container\">\n\t\t\t\t\t\t\t\t\t<ul><li>Viv\u00eancia ou prazer de operar no ramo da sa\u00fade;<\/li><li>Esp\u00edrito de equipe e de lideran\u00e7a;<\/li><li>Recursos financeiros;<\/li><li>Identifica\u00e7\u00e3o com a miss\u00e3o e valores do grupo;<\/li><li>Bom relacionamento interpessoal;<\/li><li>Networking no local de implanta\u00e7\u00e3o de unidade;<\/li><li>Vis\u00e3o empreendedora;<\/li><li>Flexibilidade, comprometimento e dinamismo.<\/li><\/ul>\t\t\t\t\t\t\t\t<\/div>\n\t\t\t\t<\/div>\n\t\t\t\t<\/div>\n\t\t\t\t<\/div>\n\t\t<div class=\"elementor-element elementor-element-cc39194 e-flex e-con-boxed e-con e-parent\" data-id=\"cc39194\" data-element_type=\"container\" data-settings=\"{&quot;background_background&quot;:&quot;classic&quot;}\">\n\t\t\t\t\t<div class=\"e-con-inner\">\n\t\t<div class=\"elementor-element elementor-element-b6b19e5 e-flex e-con-boxed e-con e-child\" data-id=\"b6b19e5\" data-element_type=\"container\">\n\t\t\t\t\t<div class=\"e-con-inner\">\n\t\t\t\t<div class=\"elementor-element elementor-element-1fe6adb elementor-widget elementor-widget-heading\" data-id=\"1fe6adb\" data-element_type=\"widget\" data-widget_type=\"heading.default\">\n\t\t\t\t<div class=\"elementor-widget-container\">\n\t\t\t\t\t<h1 class=\"elementor-heading-title elementor-size-default\">Seja um Franqueado CPP<\/h1>\t\t\t\t<\/div>\n\t\t\t\t<\/div>\n\t\t\t\t<div class=\"elementor-element elementor-element-7f1170d elementor-widget elementor-widget-heading\" data-id=\"7f1170d\" data-element_type=\"widget\" data-widget_type=\"heading.default\">\n\t\t\t\t<div class=\"elementor-widget-container\">\n\t\t\t\t\t<p class=\"elementor-heading-title elementor-size-default\">Preencha o cadastro abaixo e aguarde o contato da nossa equipe. Em breve, voc\u00ea poder\u00e1 se tornar mais  um franqueado da rede CPP. Voc\u00ea receber\u00e1 todo o apoio necess\u00e1rio para montar\/otimizar sua cl\u00ednica. \nSe preferir, mande um e-mail para franquias@arcorporation.com.br<\/p>\t\t\t\t<\/div>\n\t\t\t\t<\/div>\n\t\t\t\t<div class=\"elementor-element elementor-element-e897de1 elementor-button-align-center elementor-widget__width-initial elementor-widget elementor-widget-form\" data-id=\"e897de1\" data-element_type=\"widget\" data-settings=\"{&quot;step_next_label&quot;:&quot;Next&quot;,&quot;step_previous_label&quot;:&quot;Previous&quot;,&quot;button_width&quot;:&quot;100&quot;,&quot;step_type&quot;:&quot;number_text&quot;,&quot;step_icon_shape&quot;:&quot;circle&quot;}\" data-widget_type=\"form.default\">\n\t\t\t\t<div class=\"elementor-widget-container\">\n\t\t\t\t\t\t\t<form class=\"elementor-form\" method=\"post\" name=\"New Form\">\n\t\t\t<input type=\"hidden\" name=\"post_id\" value=\"106\"\/>\n\t\t\t<input type=\"hidden\" name=\"form_id\" value=\"e897de1\"\/>\n\t\t\t<input type=\"hidden\" name=\"referer_title\" value=\"\" \/>\n\n\t\t\t\n\t\t\t<div class=\"elementor-form-fields-wrapper elementor-labels-above\">\n\t\t\t\t\t\t\t\t<div class=\"elementor-field-type-text elementor-field-group elementor-column elementor-field-group-name elementor-col-50 elementor-field-required\">\n\t\t\t\t\t\t\t\t\t\t\t\t\t<input size=\"1\" type=\"text\" name=\"form_fields[name]\" id=\"form-field-name\" class=\"elementor-field elementor-size-md  elementor-field-textual\" placeholder=\"Nome\" required=\"required\" aria-required=\"true\">\n\t\t\t\t\t\t\t\t\t\t\t<\/div>\n\t\t\t\t\t\t\t\t<div class=\"elementor-field-type-email elementor-field-group elementor-column elementor-field-group-email elementor-col-50 elementor-field-required\">\n\t\t\t\t\t\t\t\t\t\t\t\t\t<input size=\"1\" type=\"email\" name=\"form_fields[email]\" id=\"form-field-email\" class=\"elementor-field elementor-size-md  elementor-field-textual\" placeholder=\"Email\" required=\"required\" aria-required=\"true\">\n\t\t\t\t\t\t\t\t\t\t\t<\/div>\n\t\t\t\t\t\t\t\t<div class=\"elementor-field-type-number elementor-field-group elementor-column elementor-field-group-field_fa3a2a6 elementor-col-33 elementor-field-required\">\n\t\t\t\t\t\t\t\t<input type=\"number\" name=\"form_fields[field_fa3a2a6]\" id=\"form-field-field_fa3a2a6\" class=\"elementor-field elementor-size-md  elementor-field-textual\" placeholder=\"Telefone\" required=\"required\" aria-required=\"true\" min=\"\" max=\"\" >\n\t\t\t\t\t\t<\/div>\n\t\t\t\t\t\t\t\t<div class=\"elementor-field-type-text elementor-field-group elementor-column elementor-field-group-field_69810bc elementor-col-33 elementor-field-required\">\n\t\t\t\t\t\t\t\t\t\t\t\t\t<input size=\"1\" type=\"text\" name=\"form_fields[field_69810bc]\" id=\"form-field-field_69810bc\" class=\"elementor-field elementor-size-md  elementor-field-textual\" placeholder=\"Cidade\" required=\"required\" aria-required=\"true\">\n\t\t\t\t\t\t\t\t\t\t\t<\/div>\n\t\t\t\t\t\t\t\t<div class=\"elementor-field-type-text elementor-field-group elementor-column elementor-field-group-field_a325d22 elementor-col-33 elementor-field-required\">\n\t\t\t\t\t\t\t\t\t\t\t\t\t<input size=\"1\" type=\"text\" name=\"form_fields[field_a325d22]\" id=\"form-field-field_a325d22\" class=\"elementor-field elementor-size-md  elementor-field-textual\" placeholder=\"Estado\" required=\"required\" aria-required=\"true\">\n\t\t\t\t\t\t\t\t\t\t\t<\/div>\n\t\t\t\t\t\t\t\t<div class=\"elementor-field-type-textarea elementor-field-group elementor-column elementor-field-group-message elementor-col-100 elementor-field-required\">\n\t\t\t\t\t<textarea class=\"elementor-field-textual elementor-field  elementor-size-md\" name=\"form_fields[message]\" id=\"form-field-message\" rows=\"4\" placeholder=\"Mensagem\" required=\"required\" aria-required=\"true\"><\/textarea>\t\t\t\t<\/div>\n\t\t\t\t\t\t\t\t<div class=\"elementor-field-group elementor-column elementor-field-type-submit elementor-col-100 e-form__buttons\">\n\t\t\t\t\t<button class=\"elementor-button elementor-size-sm\" type=\"submit\">\n\t\t\t\t\t\t<span class=\"elementor-button-content-wrapper\">\n\t\t\t\t\t\t\t\t\t\t\t\t\t\t\t\t\t\t\t\t\t\t<span class=\"elementor-button-text\">Enviar<\/span>\n\t\t\t\t\t\t\t\t\t\t\t\t\t<\/span>\n\t\t\t\t\t<\/button>\n\t\t\t\t<\/div>\n\t\t\t<\/div>\n\t\t<\/form>\n\t\t\t\t\t\t<\/div>\n\t\t\t\t<\/div>\n\t\t\t\t\t<\/div>\n\t\t\t\t<\/div>\n\t\t\t\t\t<\/div>\n\t\t\t\t<\/div>\n\t\t\t\t<\/div>\n\t\t","protected":false},"excerpt":{"rendered":"<p>O prop\u00f3sito da CPP \u00e9 levar sa\u00fade de alta qualidade ao maior n\u00famero poss\u00edvel de pessoas, em todo o Brasil. Para isso, precisamos de parceiros compromissados com o bem-estar das pessoas. Que estejam engajados com a transforma\u00e7\u00e3o da sa\u00fade no Brasil a patamares de primeiro mundo. O Franqueado CPP, al\u00e9m de receber, inicialmente, um excelente [&hellip;]<\/p>\n","protected":false},"author":1,"featured_media":0,"parent":0,"menu_order":0,"comment_status":"closed","ping_status":"closed","template":"elementor_header_footer","meta":{"footnotes":""},"_links":{"self":[{"href":"https:\/\/cppsaude.com.br\/index.php\/wp-json\/wp\/v2\/pages\/106"}],"collection":[{"href":"https:\/\/cppsaude.com.br\/index.php\/wp-json\/wp\/v2\/pages"}],"about":[{"href":"https:\/\/cppsaude.com.br\/index.php\/wp-json\/wp\/v2\/types\/page"}],"author":[{"embeddable":true,"href":"https:\/\/cppsaude.com.br\/index.php\/wp-json\/wp\/v2\/users\/1"}],"replies":[{"embeddable":true,"href":"https:\/\/cppsaude.com.br\/index.php\/wp-json\/wp\/v2\/comments?post=106"}],"version-history":[{"count":82,"href":"https:\/\/cppsaude.com.br\/index.php\/wp-json\/wp\/v2\/pages\/106\/revisions"}],"predecessor-version":[{"id":1794,"href":"https:\/\/cppsaude.com.br\/index.php\/wp-json\/wp\/v2\/pages\/106\/revisions\/1794"}],"wp:attachment":[{"href":"https:\/\/cppsaude.com.br\/index.php\/wp-json\/wp\/v2\/media?parent=106"}],"curies":[{"name":"wp","href":"https:\/\/api.w.org\/{rel}","templated":true}]}}